{"id":104,"date":"2024-08-11T12:17:34","date_gmt":"2024-08-11T10:17:34","guid":{"rendered":"https:\/\/association-lumena.fr\/?page_id=104"},"modified":"2025-10-03T13:37:25","modified_gmt":"2025-10-03T11:37:25","slug":"la-team-lum","status":"publish","type":"page","link":"https:\/\/association-lumena.fr\/index.php\/la-team-lum\/","title":{"rendered":"La Team Lum"},"content":{"rendered":"\n<div class=\"wp-block-columns is-layout-flex wp-container-core-columns-is-layout-9d6595d7 wp-block-columns-is-layout-flex\">\n<div class=\"wp-block-column is-layout-flow wp-block-column-is-layout-flow\" style=\"flex-basis:33.33%\">\n<figure class=\"wp-block-image size-large\"><img loading=\"lazy\" decoding=\"async\" width=\"1024\" height=\"1024\" src=\"http:\/\/association-lumena.fr\/wp-content\/uploads\/2024\/08\/22-1024x1024.png\" alt=\"\" class=\"wp-image-82\" srcset=\"https:\/\/association-lumena.fr\/wp-content\/uploads\/2024\/08\/22-1024x1024.png 1024w, https:\/\/association-lumena.fr\/wp-content\/uploads\/2024\/08\/22-300x300.png 300w, https:\/\/association-lumena.fr\/wp-content\/uploads\/2024\/08\/22-150x150.png 150w, https:\/\/association-lumena.fr\/wp-content\/uploads\/2024\/08\/22-768x768.png 768w, https:\/\/association-lumena.fr\/wp-content\/uploads\/2024\/08\/22-100x100.png 100w, https:\/\/association-lumena.fr\/wp-content\/uploads\/2024\/08\/22.png 1080w\" sizes=\"auto, (max-width: 706px) 89vw, (max-width: 767px) 82vw, 740px\" \/><\/figure>\n<\/div>\n\n\n\n<div class=\"wp-block-column is-layout-flow wp-block-column-is-layout-flow\" style=\"flex-basis:66.66%\">\n<p>\u00c0 travers cette association, qui est le reflet de ma propre histoire, je souhaite donner des <strong>cl\u00e9s de reconstruction<\/strong> pour encourager et apprendre \u00e0 chacun que <strong>la r\u00e9silience<\/strong> est une force incroyable, et que nous sommes <strong>capable de transformer<\/strong> des moments difficiles, \u00e0 ne <strong>jamais perdre espoir <\/strong>et \u00e0 <strong>croire en notre capacit\u00e9 <\/strong>\u00e0 <strong>se relever.<\/strong><br>En partageant mon parcours et les le\u00e7ons que j&rsquo;ai tir\u00e9es de mes exp\u00e9riences, j&rsquo;esp\u00e8re <strong>inspirer<\/strong> d&rsquo;autres <strong>\u00e0 surmonter leurs propres d\u00e9fis<\/strong>. La vie est parsem\u00e9e d&rsquo;obstacles, mais avec de la <strong>d\u00e9termination <\/strong>et du <strong>soutien<\/strong>, nous pouvons tous trouver <strong>le chemin de la gu\u00e9rison<\/strong>.<\/p>\n<\/div>\n<\/div>\n\n\n\n<hr class=\"wp-block-separator has-alpha-channel-opacity\"\/>\n\n\n\n<div class=\"wp-block-columns is-layout-flex wp-container-core-columns-is-layout-9d6595d7 wp-block-columns-is-layout-flex\">\n<div class=\"wp-block-column is-layout-flow wp-block-column-is-layout-flow\" style=\"flex-basis:33.33%\">\n<figure class=\"wp-block-image size-large\"><img loading=\"lazy\" decoding=\"async\" width=\"819\" height=\"1024\" src=\"https:\/\/association-lumena.fr\/wp-content\/uploads\/2025\/09\/3-819x1024.png\" alt=\"\" class=\"wp-image-371\" srcset=\"https:\/\/association-lumena.fr\/wp-content\/uploads\/2025\/09\/3-819x1024.png 819w, https:\/\/association-lumena.fr\/wp-content\/uploads\/2025\/09\/3-240x300.png 240w, https:\/\/association-lumena.fr\/wp-content\/uploads\/2025\/09\/3-768x960.png 768w, https:\/\/association-lumena.fr\/wp-content\/uploads\/2025\/09\/3.png 1080w\" sizes=\"auto, (max-width: 706px) 89vw, (max-width: 767px) 82vw, 740px\" \/><\/figure>\n<\/div>\n\n\n\n<div class=\"wp-block-column is-layout-flow wp-block-column-is-layout-flow\" style=\"flex-basis:66.66%\">\n<p>J\u2019ai commenc\u00e9 comme <strong>simple adh\u00e9rente<\/strong>, mais ma passion pour <strong>ce projet m\u2019a pouss\u00e9e \u00e0 m\u2019engager<\/strong> aux c\u00f4t\u00e9s de Prescilia pour <strong>soutenir cette cause<\/strong> qui me tient \u00e0 c\u0153ur.<\/p>\n\n\n\n<p>Chaque action que nous menons me rappelle l\u2019importance de cet engagement et l\u2019impact que nous pouvons avoir.<\/p>\n<\/div>\n<\/div>\n","protected":false},"excerpt":{"rendered":"<p>\u00c0 travers cette association, qui est le reflet de ma propre histoire, je souhaite donner des cl\u00e9s de reconstruction pour encourager et apprendre \u00e0 chacun que la r\u00e9silience est une force incroyable, et que nous sommes capable de transformer des moments difficiles, \u00e0 ne jamais perdre espoir et \u00e0 croire en notre capacit\u00e9 \u00e0 se &hellip; <\/p>\n<p class=\"link-more\"><a href=\"https:\/\/association-lumena.fr\/index.php\/la-team-lum\/\" class=\"more-link\">Continuer la lecture<span class=\"screen-reader-text\"> de &laquo;&nbsp;La Team Lum&nbsp;&raquo;<\/span><\/a><\/p>\n","protected":false},"author":1,"featured_media":0,"parent":0,"menu_order":0,"comment_status":"closed","ping_status":"closed","template":"","meta":{"footnotes":""},"class_list":["post-104","page","type-page","status-publish","hentry"],"_links":{"self":[{"href":"https:\/\/association-lumena.fr\/index.php\/wp-json\/wp\/v2\/pages\/104","targetHints":{"allow":["GET"]}}],"collection":[{"href":"https:\/\/association-lumena.fr\/index.php\/wp-json\/wp\/v2\/pages"}],"about":[{"href":"https:\/\/association-lumena.fr\/index.php\/wp-json\/wp\/v2\/types\/page"}],"author":[{"embeddable":true,"href":"https:\/\/association-lumena.fr\/index.php\/wp-json\/wp\/v2\/users\/1"}],"replies":[{"embeddable":true,"href":"https:\/\/association-lumena.fr\/index.php\/wp-json\/wp\/v2\/comments?post=104"}],"version-history":[{"count":4,"href":"https:\/\/association-lumena.fr\/index.php\/wp-json\/wp\/v2\/pages\/104\/revisions"}],"predecessor-version":[{"id":381,"href":"https:\/\/association-lumena.fr\/index.php\/wp-json\/wp\/v2\/pages\/104\/revisions\/381"}],"wp:attachment":[{"href":"https:\/\/association-lumena.fr\/index.php\/wp-json\/wp\/v2\/media?parent=104"}],"curies":[{"name":"wp","href":"https:\/\/api.w.org\/{rel}","templated":true}]}}